{"id":13,"date":"2019-04-29T21:14:59","date_gmt":"2019-04-29T21:14:59","guid":{"rendered":"https:\/\/www.saitenband.de\/?page_id=13"},"modified":"2023-09-03T14:00:43","modified_gmt":"2023-09-03T14:00:43","slug":"veranstaltungen-gigs-und-alles-andere","status":"publish","type":"page","link":"https:\/\/www.saitenband.de\/","title":{"rendered":"Veranstaltungen, Gigs und alles andere"},"content":{"rendered":"\n<p><\/p>\n\n\n\n<p class=\"has-deejay-darkgrey-color has-text-color\">Stra\u00dfenmusik auf der Durlach Art 2023<\/p>\n\n\n\n<figure class=\"wp-block-image size-large\"><img loading=\"lazy\" decoding=\"async\" width=\"723\" height=\"1024\" src=\"https:\/\/www.saitenband.de\/wp-content\/uploads\/2023\/09\/plakat_internet-723x1024.jpg\" alt=\"\" class=\"wp-image-79\" srcset=\"https:\/\/www.saitenband.de\/wp-content\/uploads\/2023\/09\/plakat_internet-723x1024.jpg 723w, https:\/\/www.saitenband.de\/wp-content\/uploads\/2023\/09\/plakat_internet-212x300.jpg 212w, https:\/\/www.saitenband.de\/wp-content\/uploads\/2023\/09\/plakat_internet.jpg 763w\" sizes=\"auto, (max-width: 723px) 100vw, 723px\" \/><\/figure>\n\n\n\n<p class=\"has-deejay-darkgrey-color has-text-color\">Wir sind auf der <em><a href=\"https:\/\/durlach-art.de\">Durlach Art 2023<\/a><\/em> mit dabei!<br><\/p>\n\n\n\n<p class=\"has-deejay-darkgrey-color has-text-color\">Von 15.30 bis 16.00 Uhr umrahmen wir musikalisch die offizielle Er\u00f6ffnung vor dem Rathaus.&nbsp; <\/p>\n\n\n\n<p class=\"has-deejay-darkgrey-color has-text-color\">Danach spielen wir in den Stra\u00dfen und Gassen von Durlach wie auch an ausgew\u00e4hlten Ausstellungsst\u00e4tten:<\/p>\n\n\n\n<p class=\"has-deejay-darkgrey-color has-text-color\"><strong>Spieltermine am Freitag, den 08. September 2023<\/strong><\/p>\n\n\n\n<p class=\"has-deejay-darkgrey-color has-text-color\">15.30 Uhr \u2013 Er\u00f6ffnung Marktplatz<br>16.00 Uhr \u2013 Marktplatz<br>17.30 Uhr \u2013 Friedrichschule (Stand 81)<br>20.00 Uhr \u2013 Nikolauskapelle (Stand 56)<\/p>\n\n\n\n<p class=\"has-deejay-darkgrey-color has-text-color\"><strong>Spieltermine am Samstag, den 09. September 2023:<\/strong><\/p>\n\n\n\n<p class=\"has-deejay-darkgrey-color has-text-color\">11.00 Uhr \u2013 Rathaus Gew\u00f6lbe (Stand 2 bis 8)<br>13.30 Uhr\u2013 J\u00e4gerstr. 11, Dr. Ellen Karathanos (Stand 74)<br>15.00 Uhr \u2013 Saumarkt<br>17.30 Uhr \u2013 Marktplatz<br>20:00 Uhr \u2013 Marktplatz (Abschlusssession aller Musiker)<\/p>\n","protected":false},"excerpt":{"rendered":"<p>Stra\u00dfenmusik auf der Durlach Art 2023 Wir sind auf der Durlach Art 2023 mit dabei! Von 15.30 bis 16.00 Uhr umrahmen wir musikalisch die offizielle Er\u00f6ffnung vor dem Rathaus.&nbsp; Danach spielen wir in den Stra\u00dfen&hellip; <\/p>\n<p><a class=\"more-link\" href=\"https:\/\/www.saitenband.de\/\">Veranstaltungen, Gigs und alles andere weiterlesen<\/a><\/p>\n","protected":false},"author":1,"featured_media":65,"parent":0,"menu_order":0,"comment_status":"closed","ping_status":"closed","template":"","meta":{"footnotes":""},"class_list":["post-13","page","type-page","status-publish","has-post-thumbnail","hentry"],"_links":{"self":[{"href":"https:\/\/www.saitenband.de\/index.php?rest_route=\/wp\/v2\/pages\/13","targetHints":{"allow":["GET"]}}],"collection":[{"href":"https:\/\/www.saitenband.de\/index.php?rest_route=\/wp\/v2\/pages"}],"about":[{"href":"https:\/\/www.saitenband.de\/index.php?rest_route=\/wp\/v2\/types\/page"}],"author":[{"embeddable":true,"href":"https:\/\/www.saitenband.de\/index.php?rest_route=\/wp\/v2\/users\/1"}],"replies":[{"embeddable":true,"href":"https:\/\/www.saitenband.de\/index.php?rest_route=%2Fwp%2Fv2%2Fcomments&post=13"}],"version-history":[{"count":14,"href":"https:\/\/www.saitenband.de\/index.php?rest_route=\/wp\/v2\/pages\/13\/revisions"}],"predecessor-version":[{"id":97,"href":"https:\/\/www.saitenband.de\/index.php?rest_route=\/wp\/v2\/pages\/13\/revisions\/97"}],"wp:featuredmedia":[{"embeddable":true,"href":"https:\/\/www.saitenband.de\/index.php?rest_route=\/wp\/v2\/media\/65"}],"wp:attachment":[{"href":"https:\/\/www.saitenband.de\/index.php?rest_route=%2Fwp%2Fv2%2Fmedia&parent=13"}],"curies":[{"name":"wp","href":"https:\/\/api.w.org\/{rel}","templated":true}]}}